{"id":27,"date":"2020-01-26T10:34:20","date_gmt":"2020-01-26T10:34:20","guid":{"rendered":"https:\/\/fossumkollektivetsvenner.no\/wp\/?page_id=27"},"modified":"2020-02-04T22:02:32","modified_gmt":"2020-02-04T22:02:32","slug":"kontakt","status":"publish","type":"page","link":"https:\/\/fossumkollektivetsvenner.no\/wp\/om-oss\/kontakt\/","title":{"rendered":"Kontakt og medlemsskap"},"content":{"rendered":"\n<p>Du kan komme i kontakt med Fossumkollektivets Venner p\u00e5 epostadressen fossumkollektivetsvenner@gmail.com.<\/p>\n\n\n\n<p>Hvis du \u00f8nsker \u00e5 bli medlem kan du registrere deg p\u00e5 <a href=\"https:\/\/fossumkollektivetsvenner.no\/php\/innmelding.html\" target=\"_blank\" rel=\"noreferrer noopener\" aria-label=\" (opens in a new tab)\">innmeldingssiden<\/a> v\u00e5r s\u00e5 vil du f\u00e5 tilsendt en faktura p\u00e5lydende 100,- for et \u00e5rs medlemsskap.<\/p>\n\n\n\n<p>Vi er ogs\u00e5 p\u00e5 <a href=\"https:\/\/www.facebook.com\/FossumkollektivetsVenner\/\">Facebook<\/a> der all aktivitet i foreningen blir publisert.<\/p>\n","protected":false},"excerpt":{"rendered":"<p>Du kan komme i kontakt med Fossumkollektivets Venner p\u00e5 epostadressen fossumkollektivetsvenner@gmail.com. Hvis du \u00f8nsker \u00e5 bli medlem kan du registrere deg p\u00e5 innmeldingssiden v\u00e5r s\u00e5 vil du f\u00e5 tilsendt en faktura p\u00e5lydende 100,- for et \u00e5rs medlemsskap. Vi er ogs\u00e5 p\u00e5 Facebook der all aktivitet i foreningen blir publisert.<\/p>\n","protected":false},"author":1,"featured_media":0,"parent":23,"menu_order":0,"comment_status":"closed","ping_status":"closed","template":"","meta":{"footnotes":""},"class_list":["post-27","page","type-page","status-publish","hentry"],"yoast_head":"<!-- This site is optimized with the Yoast SEO plugin v24.9 - https:\/\/yoast.com\/wordpress\/plugins\/seo\/ -->\n<title>Kontakt og medlemsskap - Fossumkollektivets Venner<\/title>\n<meta name=\"robots\" content=\"index, follow, max-snippet:-1, max-image-preview:large, max-video-preview:-1\" \/>\n<link rel=\"canonical\" href=\"https:\/\/fossumkollektivetsvenner.no\/wp\/om-oss\/kontakt\/\" \/>\n<meta property=\"og:locale\" content=\"nb_NO\" \/>\n<meta property=\"og:type\" content=\"article\" \/>\n<meta property=\"og:title\" content=\"Kontakt og medlemsskap - Fossumkollektivets Venner\" \/>\n<meta property=\"og:description\" content=\"Du kan komme i kontakt med Fossumkollektivets Venner p\u00e5 epostadressen fossumkollektivetsvenner@gmail.com. Hvis du \u00f8nsker \u00e5 bli medlem kan du registrere deg p\u00e5 innmeldingssiden v\u00e5r s\u00e5 vil du f\u00e5 tilsendt en faktura p\u00e5lydende 100,- for et \u00e5rs medlemsskap. Vi er ogs\u00e5 p\u00e5 Facebook der all aktivitet i foreningen blir publisert.\" \/>\n<meta property=\"og:url\" content=\"https:\/\/fossumkollektivetsvenner.no\/wp\/om-oss\/kontakt\/\" \/>\n<meta property=\"og:site_name\" content=\"Fossumkollektivets Venner\" \/>\n<meta property=\"article:modified_time\" content=\"2020-02-04T22:02:32+00:00\" \/>\n<meta name=\"twitter:card\" content=\"summary_large_image\" \/>\n<script type=\"application\/ld+json\" class=\"yoast-schema-graph\">{\"@context\":\"https:\/\/schema.org\",\"@graph\":[{\"@type\":\"WebPage\",\"@id\":\"https:\/\/fossumkollektivetsvenner.no\/wp\/om-oss\/kontakt\/\",\"url\":\"https:\/\/fossumkollektivetsvenner.no\/wp\/om-oss\/kontakt\/\",\"name\":\"Kontakt og medlemsskap - Fossumkollektivets Venner\",\"isPartOf\":{\"@id\":\"https:\/\/fossumkollektivetsvenner.no\/wp\/#website\"},\"datePublished\":\"2020-01-26T10:34:20+00:00\",\"dateModified\":\"2020-02-04T22:02:32+00:00\",\"breadcrumb\":{\"@id\":\"https:\/\/fossumkollektivetsvenner.no\/wp\/om-oss\/kontakt\/#breadcrumb\"},\"inLanguage\":\"nb-NO\",\"potentialAction\":[{\"@type\":\"ReadAction\",\"target\":[\"https:\/\/fossumkollektivetsvenner.no\/wp\/om-oss\/kontakt\/\"]}]},{\"@type\":\"BreadcrumbList\",\"@id\":\"https:\/\/fossumkollektivetsvenner.no\/wp\/om-oss\/kontakt\/#breadcrumb\",\"itemListElement\":[{\"@type\":\"ListItem\",\"position\":1,\"name\":\"Home\",\"item\":\"https:\/\/fossumkollektivetsvenner.no\/wp\/\"},{\"@type\":\"ListItem\",\"position\":2,\"name\":\"Om oss\",\"item\":\"https:\/\/fossumkollektivetsvenner.no\/wp\/om-oss\/\"},{\"@type\":\"ListItem\",\"position\":3,\"name\":\"Kontakt og medlemsskap\"}]},{\"@type\":\"WebSite\",\"@id\":\"https:\/\/fossumkollektivetsvenner.no\/wp\/#website\",\"url\":\"https:\/\/fossumkollektivetsvenner.no\/wp\/\",\"name\":\"Fossumkollektivets Venner\",\"description\":\"Hjemmeside for Fossumkollektivets Venner\",\"potentialAction\":[{\"@type\":\"SearchAction\",\"target\":{\"@type\":\"EntryPoint\",\"urlTemplate\":\"https:\/\/fossumkollektivetsvenner.no\/wp\/?s={search_term_string}\"},\"query-input\":{\"@type\":\"PropertyValueSpecification\",\"valueRequired\":true,\"valueName\":\"search_term_string\"}}],\"inLanguage\":\"nb-NO\"}]}<\/script>\n<!-- \/ Yoast SEO plugin. -->","yoast_head_json":{"title":"Kontakt og medlemsskap - Fossumkollektivets Venner","robots":{"index":"index","follow":"follow","max-snippet":"max-snippet:-1","max-image-preview":"max-image-preview:large","max-video-preview":"max-video-preview:-1"},"canonical":"https:\/\/fossumkollektivetsvenner.no\/wp\/om-oss\/kontakt\/","og_locale":"nb_NO","og_type":"article","og_title":"Kontakt og medlemsskap - Fossumkollektivets Venner","og_description":"Du kan komme i kontakt med Fossumkollektivets Venner p\u00e5 epostadressen fossumkollektivetsvenner@gmail.com. Hvis du \u00f8nsker \u00e5 bli medlem kan du registrere deg p\u00e5 innmeldingssiden v\u00e5r s\u00e5 vil du f\u00e5 tilsendt en faktura p\u00e5lydende 100,- for et \u00e5rs medlemsskap. Vi er ogs\u00e5 p\u00e5 Facebook der all aktivitet i foreningen blir publisert.","og_url":"https:\/\/fossumkollektivetsvenner.no\/wp\/om-oss\/kontakt\/","og_site_name":"Fossumkollektivets Venner","article_modified_time":"2020-02-04T22:02:32+00:00","twitter_card":"summary_large_image","schema":{"@context":"https:\/\/schema.org","@graph":[{"@type":"WebPage","@id":"https:\/\/fossumkollektivetsvenner.no\/wp\/om-oss\/kontakt\/","url":"https:\/\/fossumkollektivetsvenner.no\/wp\/om-oss\/kontakt\/","name":"Kontakt og medlemsskap - Fossumkollektivets Venner","isPartOf":{"@id":"https:\/\/fossumkollektivetsvenner.no\/wp\/#website"},"datePublished":"2020-01-26T10:34:20+00:00","dateModified":"2020-02-04T22:02:32+00:00","breadcrumb":{"@id":"https:\/\/fossumkollektivetsvenner.no\/wp\/om-oss\/kontakt\/#breadcrumb"},"inLanguage":"nb-NO","potentialAction":[{"@type":"ReadAction","target":["https:\/\/fossumkollektivetsvenner.no\/wp\/om-oss\/kontakt\/"]}]},{"@type":"BreadcrumbList","@id":"https:\/\/fossumkollektivetsvenner.no\/wp\/om-oss\/kontakt\/#breadcrumb","itemListElement":[{"@type":"ListItem","position":1,"name":"Home","item":"https:\/\/fossumkollektivetsvenner.no\/wp\/"},{"@type":"ListItem","position":2,"name":"Om oss","item":"https:\/\/fossumkollektivetsvenner.no\/wp\/om-oss\/"},{"@type":"ListItem","position":3,"name":"Kontakt og medlemsskap"}]},{"@type":"WebSite","@id":"https:\/\/fossumkollektivetsvenner.no\/wp\/#website","url":"https:\/\/fossumkollektivetsvenner.no\/wp\/","name":"Fossumkollektivets Venner","description":"Hjemmeside for Fossumkollektivets Venner","potentialAction":[{"@type":"SearchAction","target":{"@type":"EntryPoint","urlTemplate":"https:\/\/fossumkollektivetsvenner.no\/wp\/?s={search_term_string}"},"query-input":{"@type":"PropertyValueSpecification","valueRequired":true,"valueName":"search_term_string"}}],"inLanguage":"nb-NO"}]}},"_links":{"self":[{"href":"https:\/\/fossumkollektivetsvenner.no\/wp\/wp-json\/wp\/v2\/pages\/27","targetHints":{"allow":["GET"]}}],"collection":[{"href":"https:\/\/fossumkollektivetsvenner.no\/wp\/wp-json\/wp\/v2\/pages"}],"about":[{"href":"https:\/\/fossumkollektivetsvenner.no\/wp\/wp-json\/wp\/v2\/types\/page"}],"author":[{"embeddable":true,"href":"https:\/\/fossumkollektivetsvenner.no\/wp\/wp-json\/wp\/v2\/users\/1"}],"replies":[{"embeddable":true,"href":"https:\/\/fossumkollektivetsvenner.no\/wp\/wp-json\/wp\/v2\/comments?post=27"}],"version-history":[{"count":4,"href":"https:\/\/fossumkollektivetsvenner.no\/wp\/wp-json\/wp\/v2\/pages\/27\/revisions"}],"predecessor-version":[{"id":88,"href":"https:\/\/fossumkollektivetsvenner.no\/wp\/wp-json\/wp\/v2\/pages\/27\/revisions\/88"}],"up":[{"embeddable":true,"href":"https:\/\/fossumkollektivetsvenner.no\/wp\/wp-json\/wp\/v2\/pages\/23"}],"wp:attachment":[{"href":"https:\/\/fossumkollektivetsvenner.no\/wp\/wp-json\/wp\/v2\/media?parent=27"}],"curies":[{"name":"wp","href":"https:\/\/api.w.org\/{rel}","templated":true}]}}